{"id":36,"date":"2013-12-03T16:35:32","date_gmt":"2013-12-03T16:35:32","guid":{"rendered":"http:\/\/lafermeplate.meexis.co.uk\/?page_id=36"},"modified":"2025-05-13T16:06:54","modified_gmt":"2025-05-13T16:06:54","slug":"facilities","status":"publish","type":"page","link":"https:\/\/lafermeplate.com\/fr\/facilities\/","title":{"rendered":"Am\u00e9nagements"},"content":{"rendered":"<h2 class=\"wp-block-heading\">Aper\u00e7u<\/h2>\n\n\n\n<p>Chambres <strong>3 chambres doubles, 3 chambres avec un lit double et un lit simple, et 1 chambre avec cinq lits simples.<\/strong><br>Lits b\u00e9b\u00e9: <strong>1<\/strong><br>Chaises hautes: <strong>2<\/strong><br>Salles de bains:<strong> 4<\/strong><br>Toilettes s\u00e9par\u00e9es : <strong>4<\/strong><br>Capacit\u00e9 : <strong>20<\/strong><br>Espace de vie :<strong> 350 m\u00b2<\/strong><br>Adaptabilit\u00e9 : <strong>Non-fumeur : Convient aux enfants : Les motards en tourn\u00e9e sont les bienvenus.<\/strong><br>Jour de changement : <strong>Samedi.<\/strong><\/p>\n\n\n\n<h2 class=\"wp-block-heading\">D\u00e9tails des installations<\/h2>\n\n\n\n<p class=\"translation-block\"><strong>Les installations internes comprennent :<\/strong> Chauffage central (gaz), chemin\u00e9e ou po\u00eale \u00e0 bois, acc\u00e8s Internet + WiFi (haut d\u00e9bit), TV, lecteur DVD, lecteur CD &amp; MP3, syst\u00e8me Hi-Fi (location exclusive), piano, table de ping-pong, table de billard \u00e0 plateau en ardoise (6\u00d73) et jeux de soci\u00e9t\u00e9.<\/p>\n\n\n\n<p class=\"translation-block\"><strong>Sur rendez-vous uniquement<\/strong> \u2013 une salle de cin\u00e9ma de 80 m\u00e8tres carr\u00e9s, \u00e9quip\u00e9e d\u2019un \u00e9cran de projection de 3,5 m, d\u2019un syst\u00e8me de son surround, d\u2019une XBOX, etc.<\/p>\n\n\n\n<figure class=\"wp-block-gallery has-nested-images columns-2 is-cropped wp-block-gallery-1 is-layout-flex wp-block-gallery-is-layout-flex\">\n<figure class=\"wp-block-image size-large\"><img loading=\"lazy\" decoding=\"async\" width=\"1024\" height=\"683\" data-id=\"486\" src=\"https:\/\/lafermeplate.com\/wp-content\/uploads\/2013\/12\/MG_4676-1024x683.jpg\" alt=\"\" class=\"wp-image-486\" srcset=\"https:\/\/lafermeplate.com\/wp-content\/uploads\/2013\/12\/MG_4676-1024x683.jpg 1024w, https:\/\/lafermeplate.com\/wp-content\/uploads\/2013\/12\/MG_4676-300x200.jpg 300w, https:\/\/lafermeplate.com\/wp-content\/uploads\/2013\/12\/MG_4676-768x512.jpg 768w, https:\/\/lafermeplate.com\/wp-content\/uploads\/2013\/12\/MG_4676-125x83.jpg 125w, https:\/\/lafermeplate.com\/wp-content\/uploads\/2013\/12\/MG_4676-75x50.jpg 75w\" sizes=\"auto, (max-width: 1024px) 100vw, 1024px\" \/><\/figure>\n\n\n\n<figure class=\"wp-block-image size-large\"><img loading=\"lazy\" decoding=\"async\" width=\"1024\" height=\"768\" data-id=\"371\" src=\"https:\/\/lafermeplate.com\/wp-content\/uploads\/2015\/07\/DSCN0769-1024x768.jpg\" alt=\"\" class=\"wp-image-371\" srcset=\"https:\/\/lafermeplate.com\/wp-content\/uploads\/2015\/07\/DSCN0769-1024x768.jpg 1024w, https:\/\/lafermeplate.com\/wp-content\/uploads\/2015\/07\/DSCN0769-300x225.jpg 300w, https:\/\/lafermeplate.com\/wp-content\/uploads\/2015\/07\/DSCN0769-125x94.jpg 125w, https:\/\/lafermeplate.com\/wp-content\/uploads\/2015\/07\/DSCN0769-75x56.jpg 75w\" sizes=\"auto, (max-width: 1024px) 100vw, 1024px\" \/><\/figure>\n<\/figure>\n\n\n\n<p class=\"translation-block\"><strong>Studio de yoga<\/strong>. La Ferme Plate est un lieu exceptionnel pour les retraites et ateliers de yoga. Le studio fait 175 m\u00b2 et offre une vue magnifique \u00e0 la fois au sud et au nord. De nombreuses retraites y ont d\u00e9j\u00e0 \u00e9t\u00e9 organis\u00e9es, avec des groupes revenant chaque ann\u00e9e.<br>Pour les groupes n\u00e9cessitant des chambres suppl\u00e9mentaires, deux chambres doubles sont disponibles si besoin.<\/p>\n\n\n\n<figure class=\"wp-block-gallery has-nested-images columns-2 is-cropped wp-block-gallery-2 is-layout-flex wp-block-gallery-is-layout-flex\">\n<figure class=\"wp-block-image size-large\"><img loading=\"lazy\" decoding=\"async\" width=\"1024\" height=\"683\" data-id=\"483\" src=\"https:\/\/lafermeplate.com\/wp-content\/uploads\/2013\/12\/MG_4683-1024x683.jpg\" alt=\"\" class=\"wp-image-483\" srcset=\"https:\/\/lafermeplate.com\/wp-content\/uploads\/2013\/12\/MG_4683-1024x683.jpg 1024w, https:\/\/lafermeplate.com\/wp-content\/uploads\/2013\/12\/MG_4683-300x200.jpg 300w, https:\/\/lafermeplate.com\/wp-content\/uploads\/2013\/12\/MG_4683-768x512.jpg 768w, https:\/\/lafermeplate.com\/wp-content\/uploads\/2013\/12\/MG_4683-125x83.jpg 125w, https:\/\/lafermeplate.com\/wp-content\/uploads\/2013\/12\/MG_4683-75x50.jpg 75w\" sizes=\"auto, (max-width: 1024px) 100vw, 1024px\" \/><\/figure>\n\n\n\n<figure class=\"wp-block-image size-large\"><img loading=\"lazy\" decoding=\"async\" width=\"1024\" height=\"683\" data-id=\"482\" src=\"https:\/\/lafermeplate.com\/wp-content\/uploads\/2013\/12\/MG_4681-1024x683.jpg\" alt=\"\" class=\"wp-image-482\" srcset=\"https:\/\/lafermeplate.com\/wp-content\/uploads\/2013\/12\/MG_4681-1024x683.jpg 1024w, https:\/\/lafermeplate.com\/wp-content\/uploads\/2013\/12\/MG_4681-300x200.jpg 300w, https:\/\/lafermeplate.com\/wp-content\/uploads\/2013\/12\/MG_4681-768x512.jpg 768w, https:\/\/lafermeplate.com\/wp-content\/uploads\/2013\/12\/MG_4681-125x83.jpg 125w, https:\/\/lafermeplate.com\/wp-content\/uploads\/2013\/12\/MG_4681-75x50.jpg 75w\" sizes=\"auto, (max-width: 1024px) 100vw, 1024px\" \/><\/figure>\n<\/figure>\n\n\n\n<p class=\"translation-block\"><strong>Les installations de la cuisine comprennent :<\/strong> Cuisini\u00e8re (piano), four \u00e9lectrique, plaques de cuisson au gaz, r\u00e9frig\u00e9rateur, cong\u00e9lateur, lave-vaisselle (x2), machine \u00e0 laver et micro-ondes.<\/p>\n\n\n\n<p>Machine laser, machine \u00e0 fum\u00e9e et syst\u00e8me sonore pour f\u00eates, mariages et autres \u00e9v\u00e9nements.<\/p>\n\n\n\n<figure class=\"wp-block-gallery has-nested-images columns-2 is-cropped wp-block-gallery-3 is-layout-flex wp-block-gallery-is-layout-flex\">\n<figure class=\"wp-block-image size-medium\"><img loading=\"lazy\" decoding=\"async\" width=\"300\" height=\"225\" data-id=\"868\" src=\"https:\/\/lafermeplate.com\/wp-content\/uploads\/2025\/05\/dscf1875-300x225.jpg\" alt=\"\" class=\"wp-image-868\" srcset=\"https:\/\/lafermeplate.com\/wp-content\/uploads\/2025\/05\/dscf1875-300x225.jpg 300w, https:\/\/lafermeplate.com\/wp-content\/uploads\/2025\/05\/dscf1875-768x576.jpg 768w, https:\/\/lafermeplate.com\/wp-content\/uploads\/2025\/05\/dscf1875-16x12.jpg 16w, https:\/\/lafermeplate.com\/wp-content\/uploads\/2025\/05\/dscf1875.jpg 800w\" sizes=\"auto, (max-width: 300px) 100vw, 300px\" \/><\/figure>\n\n\n\n<figure class=\"wp-block-image size-medium\"><img loading=\"lazy\" decoding=\"async\" width=\"225\" height=\"300\" data-id=\"704\" src=\"https:\/\/lafermeplate.com\/wp-content\/uploads\/2019\/03\/IMG_1716-225x300.jpg\" alt=\"\" class=\"wp-image-704\" srcset=\"https:\/\/lafermeplate.com\/wp-content\/uploads\/2019\/03\/IMG_1716-225x300.jpg 225w, https:\/\/lafermeplate.com\/wp-content\/uploads\/2019\/03\/IMG_1716-768x1024.jpg 768w\" sizes=\"auto, (max-width: 225px) 100vw, 225px\" \/><\/figure>\n<\/figure>\n\n\n\n<h2 class=\"wp-block-heading\">Installations ext\u00e9rieures<\/h2>\n\n\n\n<p>Nous disposons d'une terrasse couverte \u00e9clair\u00e9e pour les repas en plein air, avec un barbecue au charbon, des si\u00e8ges, ainsi qu'une table et des chaises pouvant accueillir jusqu'\u00e0 30 personnes.\n\nNous offrons \u00e9galement une piscine saline priv\u00e9e de 5 \u00d7 10 m, avec des marches romaines semi-circulaires, une douche chauff\u00e9e \u00e0 l'\u00e9nergie solaire et des transats.\n\nUn terrain de p\u00e9tanque et 1,5 hectare de jardin sont \u00e0 votre disposition pour vous d\u00e9tendre. L'ensemble est situ\u00e9 sur 2 hectares de jardins, avec une zone herbeuse s\u00e9par\u00e9e adapt\u00e9e aux jeux de foot et autres activit\u00e9s, offrant des vues panoramiques magnifiques sur la r\u00e9gion environnante.<\/p>\n\n\n\n<figure class=\"wp-block-gallery has-nested-images columns-2 is-cropped wp-block-gallery-4 is-layout-flex wp-block-gallery-is-layout-flex\">\n<figure class=\"wp-block-image size-large\"><img loading=\"lazy\" decoding=\"async\" width=\"600\" height=\"800\" data-id=\"331\" src=\"https:\/\/lafermeplate.com\/wp-content\/uploads\/2015\/07\/photo3.jpg\" alt=\"\" class=\"wp-image-331\" srcset=\"https:\/\/lafermeplate.com\/wp-content\/uploads\/2015\/07\/photo3.jpg 600w, https:\/\/lafermeplate.com\/wp-content\/uploads\/2015\/07\/photo3-225x300.jpg 225w, https:\/\/lafermeplate.com\/wp-content\/uploads\/2015\/07\/photo3-94x125.jpg 94w, https:\/\/lafermeplate.com\/wp-content\/uploads\/2015\/07\/photo3-56x75.jpg 56w\" sizes=\"auto, (max-width: 600px) 100vw, 600px\" \/><\/figure>\n\n\n\n<figure class=\"wp-block-image size-large\"><img loading=\"lazy\" decoding=\"async\" width=\"1024\" height=\"768\" data-id=\"333\" src=\"https:\/\/lafermeplate.com\/wp-content\/uploads\/2015\/07\/DSCN0691-1024x768.jpg\" alt=\"\" class=\"wp-image-333\" srcset=\"https:\/\/lafermeplate.com\/wp-content\/uploads\/2015\/07\/DSCN0691-1024x768.jpg 1024w, https:\/\/lafermeplate.com\/wp-content\/uploads\/2015\/07\/DSCN0691-300x225.jpg 300w, https:\/\/lafermeplate.com\/wp-content\/uploads\/2015\/07\/DSCN0691-125x94.jpg 125w, https:\/\/lafermeplate.com\/wp-content\/uploads\/2015\/07\/DSCN0691-75x56.jpg 75w\" sizes=\"auto, (max-width: 1024px) 100vw, 1024px\" \/><\/figure>\n\n\n\n<figure class=\"wp-block-image size-large\"><img loading=\"lazy\" decoding=\"async\" width=\"1024\" height=\"768\" data-id=\"867\" src=\"https:\/\/lafermeplate.com\/wp-content\/uploads\/2025\/05\/dscf1897-1024x768.jpg\" alt=\"Front of Gite from pool\" class=\"wp-image-867\" srcset=\"https:\/\/lafermeplate.com\/wp-content\/uploads\/2025\/05\/dscf1897-1024x768.jpg 1024w, https:\/\/lafermeplate.com\/wp-content\/uploads\/2025\/05\/dscf1897-300x225.jpg 300w, https:\/\/lafermeplate.com\/wp-content\/uploads\/2025\/05\/dscf1897-768x576.jpg 768w, https:\/\/lafermeplate.com\/wp-content\/uploads\/2025\/05\/dscf1897-1536x1152.jpg 1536w, https:\/\/lafermeplate.com\/wp-content\/uploads\/2025\/05\/dscf1897-2048x1536.jpg 2048w, https:\/\/lafermeplate.com\/wp-content\/uploads\/2025\/05\/dscf1897-16x12.jpg 16w\" sizes=\"auto, (max-width: 1024px) 100vw, 1024px\" \/><\/figure>\n\n\n\n<figure class=\"wp-block-image size-large\"><img loading=\"lazy\" decoding=\"async\" width=\"1024\" height=\"768\" data-id=\"391\" src=\"https:\/\/lafermeplate.com\/wp-content\/uploads\/2015\/07\/DSCN0883-1024x768.jpg\" alt=\"\" class=\"wp-image-391\" srcset=\"https:\/\/lafermeplate.com\/wp-content\/uploads\/2015\/07\/DSCN0883-1024x768.jpg 1024w, https:\/\/lafermeplate.com\/wp-content\/uploads\/2015\/07\/DSCN0883-300x225.jpg 300w, https:\/\/lafermeplate.com\/wp-content\/uploads\/2015\/07\/DSCN0883-125x94.jpg 125w, https:\/\/lafermeplate.com\/wp-content\/uploads\/2015\/07\/DSCN0883-75x56.jpg 75w\" sizes=\"auto, (max-width: 1024px) 100vw, 1024px\" \/><\/figure>\n<\/figure>","protected":false},"excerpt":{"rendered":"<p>Overview Bedrooms: 3 Doubles, 3 rooms with double + single and 1 with five single beds.Baby Cots: 1Highchairs: 2Bathrooms: 4Separate Toilets: 4Capacity: 20Living Area: 350 m\u00b2Suitability: Non-smoking. Suitable for children. Touring motorcyclists are welcome.Changeover day: Saturday Facility Details Internal facilities include; Central Heating (Gas), Wood Burning Fire or Stove, Internet Access + WiFi (Broadband), TV, DVD Player, CD &amp; MP3 Player, Hi-Fi System (Exclusive Rental), Piano, Table Tennis, Slate Bed Pool Table (6&#215;3) and Board Games. By appointment only \u2013 a 80 square metre Cinema Room \u2013 with a 3.5m projector screen, surround sound system, XBOX etc. Yoga Studio. La Ferme Plate is a fabulous venue for yoga retreats and workshops , the studio is 175 m2 with fantastic views to both the south and the north . We have had many retreats held here and groups returning each year .For those groups that require extra rooms we have two&hellip;<\/p>\n<p> <a class=\"more-link\" href=\"https:\/\/lafermeplate.com\/fr\/facilities\/\">Lire la suite<\/a><\/p>","protected":false},"author":1,"featured_media":483,"parent":0,"menu_order":0,"comment_status":"closed","ping_status":"closed","template":"","meta":{"footnotes":""},"class_list":["post-36","page","type-page","status-publish","has-post-thumbnail"],"aioseo_notices":[],"_links":{"self":[{"href":"https:\/\/lafermeplate.com\/fr\/wp-json\/wp\/v2\/pages\/36","targetHints":{"allow":["GET"]}}],"collection":[{"href":"https:\/\/lafermeplate.com\/fr\/wp-json\/wp\/v2\/pages"}],"about":[{"href":"https:\/\/lafermeplate.com\/fr\/wp-json\/wp\/v2\/types\/page"}],"author":[{"embeddable":true,"href":"https:\/\/lafermeplate.com\/fr\/wp-json\/wp\/v2\/users\/1"}],"replies":[{"embeddable":true,"href":"https:\/\/lafermeplate.com\/fr\/wp-json\/wp\/v2\/comments?post=36"}],"version-history":[{"count":9,"href":"https:\/\/lafermeplate.com\/fr\/wp-json\/wp\/v2\/pages\/36\/revisions"}],"predecessor-version":[{"id":910,"href":"https:\/\/lafermeplate.com\/fr\/wp-json\/wp\/v2\/pages\/36\/revisions\/910"}],"wp:featuredmedia":[{"embeddable":true,"href":"https:\/\/lafermeplate.com\/fr\/wp-json\/wp\/v2\/media\/483"}],"wp:attachment":[{"href":"https:\/\/lafermeplate.com\/fr\/wp-json\/wp\/v2\/media?parent=36"}],"curies":[{"name":"wp","href":"https:\/\/api.w.org\/{rel}","templated":true}]}}