{"id":45,"date":"2013-12-03T17:06:49","date_gmt":"2013-12-03T17:06:49","guid":{"rendered":"http:\/\/lafermeplate.meexis.co.uk\/?page_id=45"},"modified":"2025-07-03T10:00:14","modified_gmt":"2025-07-03T10:00:14","slug":"book","status":"publish","type":"page","link":"https:\/\/lafermeplate.com\/fr\/book\/","title":{"rendered":"R\u00e9servations"},"content":{"rendered":"<p><strong>Tarifs hebdomadaires compris entre 2200 et 4300 euros. <\/strong><br><strong>Tarifs week-end compris entre 950 et 1800 euros<\/strong>.<br><strong>(Selon la taille du groupe et la saison.)<\/strong><\/p>\n\n\n\n<p>R\u00e9servations tardives, offres sp\u00e9ciales, tarifs de groupe et petits groupes.<br>Contactez-nous pour plus de d\u00e9tails et pour v\u00e9rifier les disponibilit\u00e9s.<\/p>\n\n\n\n<p><strong>T\u00e9l\u00e9phone :<\/strong> <a href=\"tel:+33561692640\" rel=\"nofollow\" title=\"\">+33 5 61 69 26 40<\/a><br><strong>Portable:<\/strong>  <a href=\"tel:+33686600393\" rel=\"nofollow\" title=\"\">+33 6 86 60 03 93<\/a><\/p>\n\n\n\n\n<!-- Fast Secure Contact Form plugin 4.0.52 - begin - FastSecureContactForm.com -->\r\n<div style=\"clear:both;\"><\/div>\n<p>Veuillez utiliser le formulaire ci-dessous pour nous contacter. Merci de fournir autant de d\u00e9tails que possible concernant votre r\u00e9servation, et nous vous r\u00e9pondrons d\u00e8s que possible.<\/p>\r\n<div id=\"FSContact1\" style=\"width:99%; max-width:555px;\">\r\n<form action=\"https:\/\/lafermeplate.com\/fr\/wp-json\/wp\/v2\/pages\/45#FSContact1\" id=\"fscf_form1\" method=\"post\" data-trp-original-action=\"https:\/\/lafermeplate.com\/fr\/wp-json\/wp\/v2\/pages\/45#FSContact1\">\r\n\n<div id=\"fscf_required1\">\n  <span style=\"text-align:left;\">*<\/span> <span style=\"text-align:left;\">indique un champ requis<\/span>\n<\/div>\n\n\n<div id=\"fscf_div_clear1_0\" style=\"clear:both;\">\n  <div id=\"fscf_div_field1_0\" style=\"clear:left; float:left; width:99%; max-width:550px; margin-right:10px;\">\r\n    <div style=\"text-align:left; padding-top:5px;\">\n      <label style=\"text-align:left;\" for=\"fscf_name1\">Nom<span style=\"text-align:left;\">*<\/span><\/label>\n    <\/div>\r\n    <div style=\"text-align:left;\">\r\n      <input style=\"text-align:left; margin:0; width:99%; max-width:250px;\" type=\"text\" id=\"fscf_name1\" name=\"full_name\" value=\"\"  \/>\r\n    <\/div>\r\n  <\/div>\n<\/div>\n\n<div id=\"fscf_div_clear1_1\" style=\"clear:both;\">\n  <div id=\"fscf_div_field1_1\" style=\"clear:left; float:left; width:99%; max-width:550px; margin-right:10px;\">\n    <div style=\"text-align:left; padding-top:5px;\">\n      <label style=\"text-align:left;\" for=\"fscf_email1\">Courriel<span style=\"text-align:left;\">*<\/span><\/label>\n    <\/div>\n    <div style=\"text-align:left;\">\n      <input style=\"text-align:left; margin:0; width:99%; max-width:250px;\" type=\"text\" id=\"fscf_email1\" name=\"email\" value=\"\"  \/>\n    <\/div>\n  <\/div>\n<\/div>\n\n<div id=\"fscf_div_clear1_2\" style=\"clear:both;\">\n  <div id=\"fscf_div_field1_2\" style=\"clear:left; float:left; width:99%; max-width:550px; margin-right:10px;\">\n    <div style=\"text-align:left; padding-top:5px;\">\n      <label style=\"text-align:left;\" for=\"fscf_field1_2\">Sujet<span style=\"text-align:left;\">*<\/span><\/label>\n    <\/div>\n    <div style=\"text-align:left;\">\n      <input style=\"text-align:left; margin:0; width:99%; max-width:250px;\" type=\"text\" id=\"fscf_field1_2\" name=\"subject\" value=\"\"  \/>\n    <\/div>\n  <\/div>\n<\/div>\n\n<div id=\"fscf_div_clear1_3\" style=\"clear:both;\">\n  <div id=\"fscf_div_field1_3\" style=\"clear:left; float:left; width:99%; max-width:550px; margin-right:10px;\">\n    <div style=\"text-align:left; padding-top:5px;\">\n      <label style=\"text-align:left;\" for=\"fscf_field1_3\">Message<span style=\"text-align:left;\">*<\/span><\/label>\n    <\/div>\n    <div style=\"text-align:left;\">\n      <textarea style=\"text-align:left; margin:0; width:99%; max-width:250px; height:120px;\" id=\"fscf_field1_3\" name=\"message\" cols=\"30\" rows=\"10\" ><\/textarea>\n    <\/div>\n  <\/div>\n<\/div>\r\n<div style=\"clear:both;\"><\/div>\n\n<div id=\"fscf_submit_div1\" style=\"text-align:left; clear:both; padding-top:15px;\">\r\n\t\t<input type=\"submit\" id=\"fscf_submit1\" style=\"cursor:pointer; margin:0;\" value=\"Envoyer\"  onclick=\"this.disabled=true; this.value='Soumis...'; this.form.submit();\" \/> \n<\/div>\n\n<input type=\"hidden\" name=\"fscf_submitted\" value=\"0\" \/>\n<input type=\"hidden\" name=\"fs_postonce_1\" value=\"3bf44459097d8783a21174fee1af6051,1778073466\" \/>\n<input type=\"hidden\" name=\"si_contact_action\" value=\"send\" \/>\n<input type=\"hidden\" name=\"form_id\" value=\"1\" \/>\n<input type=\"hidden\" name=\"mailto_id\" value=\"1\" \/>\n\n<input type=\"hidden\" name=\"trp-form-language\" value=\"fr\"\/><\/form>\n<\/div>\r\n<div style=\"clear:both;\"><\/div>\n\n<!-- Fast Secure Contact Form plugin 4.0.52 - end - FastSecureContactForm.com -->","protected":false},"excerpt":{"rendered":"<p>Weekly rates available starting from 2200 to 4300 euros. Weekend rates available starting from 950 to 1800 euros.(Depending on group size and season.) Late availability \/ reservations, special prices, group rates and small groups.Please contact us for more information and availability. Telephone: +33 5 61 69 26 40Mobile: +33 6 86 60 03 93<\/p>","protected":false},"author":1,"featured_media":539,"parent":0,"menu_order":0,"comment_status":"closed","ping_status":"closed","template":"","meta":{"footnotes":""},"class_list":["post-45","page","type-page","status-publish","has-post-thumbnail"],"aioseo_notices":[],"_links":{"self":[{"href":"https:\/\/lafermeplate.com\/fr\/wp-json\/wp\/v2\/pages\/45","targetHints":{"allow":["GET"]}}],"collection":[{"href":"https:\/\/lafermeplate.com\/fr\/wp-json\/wp\/v2\/pages"}],"about":[{"href":"https:\/\/lafermeplate.com\/fr\/wp-json\/wp\/v2\/types\/page"}],"author":[{"embeddable":true,"href":"https:\/\/lafermeplate.com\/fr\/wp-json\/wp\/v2\/users\/1"}],"replies":[{"embeddable":true,"href":"https:\/\/lafermeplate.com\/fr\/wp-json\/wp\/v2\/comments?post=45"}],"version-history":[{"count":3,"href":"https:\/\/lafermeplate.com\/fr\/wp-json\/wp\/v2\/pages\/45\/revisions"}],"predecessor-version":[{"id":928,"href":"https:\/\/lafermeplate.com\/fr\/wp-json\/wp\/v2\/pages\/45\/revisions\/928"}],"wp:featuredmedia":[{"embeddable":true,"href":"https:\/\/lafermeplate.com\/fr\/wp-json\/wp\/v2\/media\/539"}],"wp:attachment":[{"href":"https:\/\/lafermeplate.com\/fr\/wp-json\/wp\/v2\/media?parent=45"}],"curies":[{"name":"wp","href":"https:\/\/api.w.org\/{rel}","templated":true}]}}