{"id":526,"date":"2018-05-15T20:37:06","date_gmt":"2018-05-15T20:37:06","guid":{"rendered":"https:\/\/lafermeplate.com\/?page_id=526"},"modified":"2019-01-07T22:44:00","modified_gmt":"2019-01-07T22:44:00","slug":"cookies-policy","status":"publish","type":"page","link":"https:\/\/lafermeplate.com\/fr\/cookies-policy\/","title":{"rendered":"Politique de Cookies"},"content":{"rendered":"<p>Last updated: May 15, 2018<\/p>\n<p>La Ferme Plate (&#8220;us&#8221;, &#8220;we&#8221;, or &#8220;our&#8221;) uses cookies on the http:\/\/www.lafermeplate.com website (the &#8220;Service&#8221;). By using the Service, you consent to the use of cookies.<\/p>\n<p>Our Cookies Policy explains what cookies are, how we use cookies, how third-parties we may partner with may use cookies on the Service, your choices regarding cookies and further information about cookies. This Cookies Policy for La Ferme Plate is powered by <a href=\"https:\/\/termsfeed.com\/\">TermsFeed<\/a>.<\/p>\n<h2>What are cookies<\/h2>\n<p>Cookies are small pieces of text sent by your web browser by a website you visit. A cookie file is stored in your web browser and allows the Service or a third-party to recognize you and make your next visit easier and the Service more useful to you.<\/p>\n<p>Cookies can be &#8220;persistent&#8221; or &#8220;session&#8221; cookies. Persistent cookies remain on your personal computer or mobile device when you go offline, while session cookies are deleted as soon as you close your web browser.<\/p>\n<h2>How La Ferme Plate uses cookies<\/h2>\n<p>When you use and access the Service, we may place a number of cookies files in your web browser.<\/p>\n<p>We use cookies for the following purposes:<\/p>\n<ul>\n<li>To enable certain functions of the ServiceWe use both session and persistent cookies on the Service and we use different types of cookies to run the Service:Essential cookies. We may use essential cookies to authenticate users and prevent fraudulent use of user accounts.<\/li>\n<\/ul>\n<h2>What are your choices regarding cookies<\/h2>\n<p>If you&#8217;d like to delete cookies or instruct your web browser to delete or refuse cookies, please visit the help pages of your web browser.<\/p>\n<p>Please note, however, that if you delete cookies or refuse to accept them, you might not be able to use all of the features we offer, you may not be able to store your preferences, and some of our pages might not display properly.<\/p>\n<ul>\n<li>For the Chrome web browser, please visit this page from Google: <a href=\"https:\/\/support.google.com\/accounts\/answer\/32050\">https:\/\/support.google.com\/accounts\/answer\/32050<\/a><\/li>\n<li>For the Internet Explorer web browser, please visit this page from Microsoft: <a href=\"http:\/\/support.microsoft.com\/kb\/278835\">http:\/\/support.microsoft.com\/kb\/278835<\/a><\/li>\n<li>For the Firefox web browser, please visit this page from Mozilla: <a href=\"https:\/\/support.mozilla.org\/en-US\/kb\/delete-cookies-remove-info-websites-stored\">https:\/\/support.mozilla.org\/en-US\/kb\/delete-cookies-remove-info-websites-stored<\/a><\/li>\n<li>For the Safari web browser, please visit this page from Apple: <a href=\"https:\/\/support.apple.com\/kb\/PH21411?locale=en_US\">https:\/\/support.apple.com\/kb\/PH21411?locale=en_US<\/a><\/li>\n<li>For any other web browser, please visit your web browser&#8217;s official web pages.<\/li>\n<\/ul>\n<h2>Where can you find more information about cookies<\/h2>\n<p>You can learn more about cookies and the following third-party websites:<\/p>\n<ul>\n<li>AllAboutCookies: <a href=\"http:\/\/www.allaboutcookies.org\/\">http:\/\/www.allaboutcookies.org\/<\/a><\/li>\n<li>Network Advertising Initiative: <a href=\"http:\/\/www.networkadvertising.org\/\">http:\/\/www.networkadvertising.org\/<\/a><\/li>\n<\/ul>\n<pre>Politique de cookies\r\n==============\r\n\r\nDerni\u00e8re mise \u00e0 jour: 15 mai 2018\r\n\r\nLa Ferme Plate (\"nous\", \"nous\" ou \"notre\") utilise des cookies sur le\r\nSite Web http:\/\/www.lafermeplate.com (le \"Service\"). En utilisant le service, vous\r\nconsentir \u00e0 l'utilisation de cookies.\r\n\r\nNotre politique de cookies explique ce que sont les cookies, comment nous utilisons les cookies, comment\r\nles parties avec lesquelles nous pouvons collaborer peuvent utiliser des cookies sur le Service, vos choix\r\nconcernant les cookies et autres informations sur les cookies.\r\n\r\n<strong>Quels sont les cookies<\/strong>\r\n----------------\r\n\r\nLes cookies sont de petits morceaux de texte envoy\u00e9s par votre navigateur Web par un site Web que vous\r\nvisite. Un fichier cookie est stock\u00e9 dans votre navigateur Web et permet au Service ou \u00e0 un\r\ntierce partie pour vous reconna\u00eetre et rendre votre prochaine visite plus facile et le Service\r\nplus utile pour vous.\r\n\r\nLes cookies peuvent \u00eatre des cookies \"persistants\" ou \"de session\". Les cookies persistants restent sur\r\nvotre ordinateur personnel ou votre appareil mobile lorsque vous \u00eates d\u00e9connect\u00e9, pendant la session\r\nles cookies sont supprim\u00e9s d\u00e8s que vous fermez votre navigateur Web.\r\n\r\n<strong>Comment La Ferme Plate utilise des cookies<\/strong>\r\n-------------------------------\r\n\r\nLorsque vous utilisez et acc\u00e9dez au Service, nous pouvons placer un certain nombre de fichiers de cookies\r\nvotre navigateur Web.\r\n\r\nNous utilisons des cookies aux fins suivantes:\r\n\r\n\u00a0\u00a0* Pour activer certaines fonctions du Service\r\n\r\n\u00a0\u00a0\u00a0\u00a0Nous utilisons des cookies de session et persistants sur le Service et nous utilisons\r\n\u00a0\u00a0\u00a0\u00a0diff\u00e9rents types de cookies pour ex\u00e9cuter le Service:\r\n\r\n\u00a0\u00a0\u00a0\u00a0Cookies essentiels Nous pouvons utiliser des cookies essentiels pour authentifier les utilisateurs et\r\n\u00a0\u00a0\u00a0\u00a0emp\u00eacher l'utilisation frauduleuse de comptes d'utilisateurs.\r\n<strong>\r\nQuels sont vos choix concernant les cookies<\/strong>\r\n---------------------------------------\r\n\r\nSi vous souhaitez supprimer les cookies ou demander \u00e0 votre navigateur Web de supprimer ou\r\nrefuser les cookies, s'il vous pla\u00eet visitez les pages d'aide de votre navigateur Web.\r\n\r\nS'il vous pla\u00eet noter, cependant, que si vous supprimez les cookies ou refusez de les accepter, vous\r\npeut ne pas \u00eatre en mesure d'utiliser toutes les fonctionnalit\u00e9s que nous offrons, vous ne pourrez peut-\u00eatre pas\r\nstocker vos pr\u00e9f\u00e9rences, et certaines de nos pages pourraient ne pas s'afficher correctement.\r\n\r\n\u00a0\u00a0* Pour le navigateur Web Chrome, visitez cette page sur Google:\r\n\u00a0\u00a0\u00a0\u00a0&lt;https:\/\/support.google.com\/accounts\/answer\/32050&gt;\r\n\r\n\u00a0\u00a0* Pour le navigateur Web Internet Explorer, s'il vous pla\u00eet visitez cette page de\r\n\u00a0\u00a0\u00a0\u00a0Microsoft: &lt;http:\/\/support.microsoft.com\/kb\/278835&gt;\r\n\r\n\u00a0\u00a0* Pour le navigateur web Firefox, visitez cette page depuis Mozilla:\r\n\u00a0\u00a0\u00a0\u00a0&lt;https:\/\/support.mozilla.org\/fr\/kb\/delete-cookies-remove-info-websites-\r\n\u00a0\u00a0\u00a0\u00a0stock\u00e9&gt;\r\n\r\n\u00a0\u00a0* Pour le navigateur Web Safari, veuillez visiter cette page d'Apple:\r\n\u00a0\u00a0\u00a0\u00a0&lt;https:\/\/support.apple.com\/kb\/PH21411?locale=fr&gt;\r\n\r\n\u00a0\u00a0* Pour tout autre navigateur Web, visitez le site Web officiel de votre navigateur Web\r\n\u00a0\u00a0\u00a0\u00a0pages\r\n\r\n\r\n<strong>O\u00f9 pouvez-vous trouver plus d'informations sur les cookies<\/strong>\r\n-------------------------------------------------\r\n\r\nVous pouvez en savoir plus sur les cookies et les sites Web tiers suivants:\r\n\r\n\u00a0\u00a0* AllAboutCookies: &lt;http:\/\/www.allaboutcookies.org\/&gt;\r\n\r\n\u00a0\u00a0* Network Advertising Initiative: &lt;http:\/\/www.networkadvertising.org\/&gt;\r\n\r\n<\/pre>\n<p>[:]<\/p>\n","protected":false},"excerpt":{"rendered":"<p>Last updated: May 15, 2018 La Ferme Plate (&#8220;us&#8221;, &#8220;we&#8221;, or &#8220;our&#8221;) uses cookies on the http:\/\/www.lafermeplate.com website (the &#8220;Service&#8221;). By using the Service, you consent to the use of cookies. Our Cookies Policy explains what cookies are, how we use cookies, how third-parties we may partner with may use cookies on the Service, your choices regarding cookies and further information about cookies. This Cookies Policy for La Ferme Plate is powered by TermsFeed. What are cookies Cookies are small pieces of text sent by your web browser by a website you visit. A cookie file is stored in your web browser and allows the Service or a third-party to recognize you and make your next visit easier and the Service more useful to you. Cookies can be &#8220;persistent&#8221; or &#8220;session&#8221; cookies. Persistent cookies remain on your personal computer or mobile device when you go offline, while session cookies are&hellip;<\/p>\n<p> <a class=\"more-link\" href=\"https:\/\/lafermeplate.com\/fr\/cookies-policy\/\">Lire la suite<\/a><\/p>","protected":false},"author":1,"featured_media":0,"parent":0,"menu_order":0,"comment_status":"closed","ping_status":"closed","template":"","meta":{"footnotes":""},"class_list":["post-526","page","type-page","status-publish"],"aioseo_notices":[],"_links":{"self":[{"href":"https:\/\/lafermeplate.com\/fr\/wp-json\/wp\/v2\/pages\/526","targetHints":{"allow":["GET"]}}],"collection":[{"href":"https:\/\/lafermeplate.com\/fr\/wp-json\/wp\/v2\/pages"}],"about":[{"href":"https:\/\/lafermeplate.com\/fr\/wp-json\/wp\/v2\/types\/page"}],"author":[{"embeddable":true,"href":"https:\/\/lafermeplate.com\/fr\/wp-json\/wp\/v2\/users\/1"}],"replies":[{"embeddable":true,"href":"https:\/\/lafermeplate.com\/fr\/wp-json\/wp\/v2\/comments?post=526"}],"version-history":[{"count":0,"href":"https:\/\/lafermeplate.com\/fr\/wp-json\/wp\/v2\/pages\/526\/revisions"}],"wp:attachment":[{"href":"https:\/\/lafermeplate.com\/fr\/wp-json\/wp\/v2\/media?parent=526"}],"curies":[{"name":"wp","href":"https:\/\/api.w.org\/{rel}","templated":true}]}}