{"id":772,"date":"2019-03-17T17:18:22","date_gmt":"2019-03-17T17:18:22","guid":{"rendered":"https:\/\/lafermeplate.com\/?page_id=772"},"modified":"2025-05-13T10:38:04","modified_gmt":"2025-05-13T10:38:04","slug":"accommodation","status":"publish","type":"page","link":"https:\/\/lafermeplate.com\/fr\/accommodation\/","title":{"rendered":"H\u00e9bergement"},"content":{"rendered":"<p>H\u00e9bergement au G\u00eete La Ferme Plate<\/p>\n\n\n\n<p>Ferme traditionnelle fran\u00e7aise avec 7 chambres, 6 salles de bain, situ\u00e9e sur 5 hectares de terrain au bout de son propre chemin priv\u00e9. L\u2019h\u00e9bergement comprend :<\/p>\n\n\n\n<p class=\"translation-block\">Une grande cuisine de ferme \u00e9quip\u00e9e de tout le confort moderne, avec une cuisini\u00e8re sous poutres en bois et une table \u00e0 manger. Ouvrez la porte voisine pour d\u00e9couvrir le vaste salon d'environ 45m\u00b2, dot\u00e9 d'une table de billard\/snooker en ardoise, ainsi qu'un syst\u00e8me Hi-Fi Kenwood avec connexion MP3.\n\nTrois autres portes m\u00e8nent respectivement \u00e0 la salle de bain\/douche et aux escaliers, \u00e0 la buanderie \u00e9quip\u00e9e d'un r\u00e9frig\u00e9rateur, d'une machine \u00e0 laver et d'un cong\u00e9lateur, et enfin \u00e0 la chambre du rez-de-chauss\u00e9e d'environ 35m\u00b2.\n\nDepuis cette chambre, empruntez les escaliers pour atteindre la pi\u00e8ce vo\u00fbt\u00e9e, o\u00f9 les poutres apparentes sont mises en valeur. Les portes vitr\u00e9es donnent sur le sud. \u00c0 l'ext\u00e9rieur, une chambre double avec douche et toilettes est disponible \u2014 particuli\u00e8rement utile pour les personnes ayant des difficult\u00e9s avec les escaliers !\n\nDe retour dans la cuisine, un escalier m\u00e8ne \u00e0 la salle de bain principale avec toilettes et lavabo. Depuis cette pi\u00e8ce, vous acc\u00e9dez \u00e0 la septi\u00e8me chambre, qui dispose \u00e9galement d'une salle de douche ainsi que de cinq lits simples, de quatre fen\u00eatres et d'un velux \u00e9quip\u00e9 d'un store.\n\nDescendez les escaliers pour d\u00e9couvrir la chambre familiale, avec un lit double et deux lits superpos\u00e9s, et de grandes fen\u00eatres orient\u00e9es au sud.\n\nPoursuivez le long du couloir pour atteindre les deux derni\u00e8res chambres doubles, \u00e9quip\u00e9es de lits king-size et de fen\u00eatres offrant une vue imprenable sur la campagne \u2014 l'une au sud, l'autre au nord.<\/p>","protected":false},"excerpt":{"rendered":"<p>Accommodation at G\u00eete La Ferme Plate Traditional French farmhouse with 7 bedrooms, 6 bathrooms in 5 hectares of land at the end of its own private road. The accommodation consists of: A large farmhouse kitchen equipped with all modern comforts, wooden beamed stove dining table open the next door to find the large living room of approximately 45m2 with a slate \/ snooker pool table a Kenwood Hi Fi with connection MP3.There are three other doors that takes you to the bathroom shower room stairs. The other to the laundry room with refrigerator, washing machine and freezer, and the third in the bedroom down stairs of about 35m2.Take the stairs from the room to find the vaulted room that has the main exposed beams and patio doors leading to the south, outside there is a double bedroom with shower and toilet &#8211; very useful if some members of your group&hellip;<\/p>\n<p> <a class=\"more-link\" href=\"https:\/\/lafermeplate.com\/fr\/accommodation\/\">Lire la suite<\/a><\/p>","protected":false},"author":2,"featured_media":579,"parent":0,"menu_order":0,"comment_status":"closed","ping_status":"closed","template":"","meta":{"footnotes":""},"class_list":["post-772","page","type-page","status-publish","has-post-thumbnail"],"aioseo_notices":[],"_links":{"self":[{"href":"https:\/\/lafermeplate.com\/fr\/wp-json\/wp\/v2\/pages\/772","targetHints":{"allow":["GET"]}}],"collection":[{"href":"https:\/\/lafermeplate.com\/fr\/wp-json\/wp\/v2\/pages"}],"about":[{"href":"https:\/\/lafermeplate.com\/fr\/wp-json\/wp\/v2\/types\/page"}],"author":[{"embeddable":true,"href":"https:\/\/lafermeplate.com\/fr\/wp-json\/wp\/v2\/users\/2"}],"replies":[{"embeddable":true,"href":"https:\/\/lafermeplate.com\/fr\/wp-json\/wp\/v2\/comments?post=772"}],"version-history":[{"count":1,"href":"https:\/\/lafermeplate.com\/fr\/wp-json\/wp\/v2\/pages\/772\/revisions"}],"predecessor-version":[{"id":880,"href":"https:\/\/lafermeplate.com\/fr\/wp-json\/wp\/v2\/pages\/772\/revisions\/880"}],"wp:featuredmedia":[{"embeddable":true,"href":"https:\/\/lafermeplate.com\/fr\/wp-json\/wp\/v2\/media\/579"}],"wp:attachment":[{"href":"https:\/\/lafermeplate.com\/fr\/wp-json\/wp\/v2\/media?parent=772"}],"curies":[{"name":"wp","href":"https:\/\/api.w.org\/{rel}","templated":true}]}}