{"id":788,"date":"2019-03-17T18:26:46","date_gmt":"2019-03-17T18:26:46","guid":{"rendered":"https:\/\/lafermeplate.com\/?page_id=788"},"modified":"2025-05-13T09:48:24","modified_gmt":"2025-05-13T09:48:24","slug":"home","status":"publish","type":"page","link":"https:\/\/lafermeplate.com\/fr\/","title":{"rendered":"Bienvenue \u00e0 La Ferme Plate"},"content":{"rendered":"<h2 class=\"wp-block-heading\"> <strong>Bienvenue \u00e0 La Ferme Plate<\/strong><\/h2>\n\n\n\n<p>Offrant une retraite paisible dans un espace attrayant, notre ferme traditionnelle de 7 chambres (350m2) est situ\u00e9e sur les hauteurs d'un petit plateau de prairies accessible par un chemin priv\u00e9. <\/p>\n\n\n\n<p> Le paysage environnant est un d\u00e9lice, avec de belles vues panoramiques sur la campagne pr\u00e9serv\u00e9e de l'Ari\u00e8ge et les hauts sommets des Pyr\u00e9n\u00e9es, visibles depuis la maison, les jardins et la piscine, La maison est orient\u00e9e plein sud parfaite pour se d\u00e9tendre au soleil ou \u00e0 l'ombre de la terrasse. <\/p>\n\n\n\n<figure class=\"wp-block-image size-large\"><a href=\"https:\/\/lafermeplate.com\/wp-content\/uploads\/2015\/07\/DSCN0912.jpg\"><img loading=\"lazy\" decoding=\"async\" width=\"1024\" height=\"768\" src=\"https:\/\/lafermeplate.com\/wp-content\/uploads\/2015\/07\/DSCN0912-1024x768.jpg\" alt=\"\" class=\"wp-image-377\" srcset=\"https:\/\/lafermeplate.com\/wp-content\/uploads\/2015\/07\/DSCN0912-1024x768.jpg 1024w, https:\/\/lafermeplate.com\/wp-content\/uploads\/2015\/07\/DSCN0912-300x225.jpg 300w, https:\/\/lafermeplate.com\/wp-content\/uploads\/2015\/07\/DSCN0912-125x94.jpg 125w, https:\/\/lafermeplate.com\/wp-content\/uploads\/2015\/07\/DSCN0912-75x56.jpg 75w\" sizes=\"auto, (max-width: 1024px) 100vw, 1024px\" \/><\/a><\/figure>\n\n\n\n<p>La maison a \u00e9t\u00e9 r\u00e9nov\u00e9e en pr\u00e9servant et en respectant son charme d'antan, tout en int\u00e9grant le meilleur du confort moderne.<\/p>\n\n\n\n<p>La partie principale de la maison est \u00e0 droite du b\u00e2timent et comprend une salle de cin\u00e9ma et une salle de r\u00e9ception \u00e0 gauche.<\/p>\n\n\n\n<p>Le propri\u00e9taire habite sur place mais est toujours discret, tout en \u00e9tant disponible pour tout entretien ou conseil durant votre s\u00e9jour.<\/p>\n\n\n\n<figure class=\"wp-block-image size-large\"><a href=\"https:\/\/lafermeplate.com\/wp-content\/uploads\/2014\/11\/IMG_1766.jpg\"><img loading=\"lazy\" decoding=\"async\" width=\"1024\" height=\"768\" src=\"https:\/\/lafermeplate.com\/wp-content\/uploads\/2014\/11\/IMG_1766-1024x768.jpg\" alt=\"\" class=\"wp-image-242\" srcset=\"https:\/\/lafermeplate.com\/wp-content\/uploads\/2014\/11\/IMG_1766-1024x768.jpg 1024w, https:\/\/lafermeplate.com\/wp-content\/uploads\/2014\/11\/IMG_1766-300x225.jpg 300w, https:\/\/lafermeplate.com\/wp-content\/uploads\/2014\/11\/IMG_1766-125x93.jpg 125w, https:\/\/lafermeplate.com\/wp-content\/uploads\/2014\/11\/IMG_1766-75x56.jpg 75w\" sizes=\"auto, (max-width: 1024px) 100vw, 1024px\" \/><\/a><\/figure>","protected":false},"excerpt":{"rendered":"<p>Welcome to La Ferme Plate Offering a peaceful retreat within an attractive space, our traditional 7-bedroom farmhouse (350m2) is located on the heights of a small plateau of meadows accessible by private road. The surrounding landscape is a delight, with beautiful panoramic views of the unspoiled countryside of Ari\u00e8ge and the high peaks of the Pyrenees, visible from the house, gardens and swimming pool, The house faces due south perfect for relaxation in the sun or shade of the terrace. The house has been renovated preserving and respecting its charm of yesteryear, while incorporating the best of modern comfort. The main part of the house is on the right of the building and includes a cinema room and a reception room on the left. The owner lives on site but is always discreet, while being available for any maintenance or advice needs during your stay.<\/p>","protected":false},"author":2,"featured_media":7,"parent":0,"menu_order":0,"comment_status":"closed","ping_status":"closed","template":"","meta":{"footnotes":""},"class_list":["post-788","page","type-page","status-publish","has-post-thumbnail"],"aioseo_notices":[],"_links":{"self":[{"href":"https:\/\/lafermeplate.com\/fr\/wp-json\/wp\/v2\/pages\/788","targetHints":{"allow":["GET"]}}],"collection":[{"href":"https:\/\/lafermeplate.com\/fr\/wp-json\/wp\/v2\/pages"}],"about":[{"href":"https:\/\/lafermeplate.com\/fr\/wp-json\/wp\/v2\/types\/page"}],"author":[{"embeddable":true,"href":"https:\/\/lafermeplate.com\/fr\/wp-json\/wp\/v2\/users\/2"}],"replies":[{"embeddable":true,"href":"https:\/\/lafermeplate.com\/fr\/wp-json\/wp\/v2\/comments?post=788"}],"version-history":[{"count":5,"href":"https:\/\/lafermeplate.com\/fr\/wp-json\/wp\/v2\/pages\/788\/revisions"}],"predecessor-version":[{"id":878,"href":"https:\/\/lafermeplate.com\/fr\/wp-json\/wp\/v2\/pages\/788\/revisions\/878"}],"wp:featuredmedia":[{"embeddable":true,"href":"https:\/\/lafermeplate.com\/fr\/wp-json\/wp\/v2\/media\/7"}],"wp:attachment":[{"href":"https:\/\/lafermeplate.com\/fr\/wp-json\/wp\/v2\/media?parent=788"}],"curies":[{"name":"wp","href":"https:\/\/api.w.org\/{rel}","templated":true}]}}